{"id":34,"date":"2023-06-13T18:29:42","date_gmt":"2023-06-13T18:29:42","guid":{"rendered":"https:\/\/colegiorafaelbrito.com.br\/blog\/?page_id=34"},"modified":"2023-06-13T19:10:12","modified_gmt":"2023-06-13T19:10:12","slug":"blog","status":"publish","type":"page","link":"https:\/\/colegiorafaelbrito.com.br\/blog\/","title":{"rendered":"Blog"},"content":{"rendered":"\t\t<div data-elementor-type=\"wp-page\" data-elementor-id=\"34\" class=\"elementor elementor-34\">\n\t\t\t\t\t\t<section class=\"elementor-section elementor-top-section elementor-element elementor-element-bf5692a elementor-section-boxed elementor-section-height-default elementor-section-height-default\" data-id=\"bf5692a\" data-element_type=\"section\">\n\t\t\t\t\t\t<div class=\"elementor-container elementor-column-gap-default\">\n\t\t\t\t\t<div class=\"elementor-column elementor-col-100 elementor-top-column elementor-element elementor-element-95bc0df\" data-id=\"95bc0df\" data-element_type=\"column\">\n\t\t\t<div class=\"elementor-widget-wrap elementor-element-populated\">\n\t\t\t\t\t\t<div class=\"elementor-element elementor-element-fa38bf8 elementor-grid-2 elementor-grid-tablet-2 elementor-grid-mobile-1 elementor-posts--thumbnail-top elementor-card-shadow-yes elementor-posts__hover-gradient elementor-widget elementor-widget-posts\" data-id=\"fa38bf8\" data-element_type=\"widget\" data-settings=\"{&quot;cards_columns&quot;:&quot;2&quot;,&quot;pagination_type&quot;:&quot;numbers&quot;,&quot;cards_columns_tablet&quot;:&quot;2&quot;,&quot;cards_columns_mobile&quot;:&quot;1&quot;,&quot;cards_row_gap&quot;:{&quot;unit&quot;:&quot;px&quot;,&quot;size&quot;:35,&quot;sizes&quot;:[]},&quot;cards_row_gap_tablet&quot;:{&quot;unit&quot;:&quot;px&quot;,&quot;size&quot;:&quot;&quot;,&quot;sizes&quot;:[]},&quot;cards_row_gap_mobile&quot;:{&quot;unit&quot;:&quot;px&quot;,&quot;size&quot;:&quot;&quot;,&quot;sizes&quot;:[]}}\" data-widget_type=\"posts.cards\">\n\t\t\t\t<div class=\"elementor-widget-container\">\n\t\t\t\t\t\t\t<div class=\"elementor-posts-container elementor-posts elementor-posts--skin-cards elementor-grid\">\n\t\t\t\t<article class=\"elementor-post elementor-grid-item post-561 post type-post status-publish format-standard has-post-thumbnail hentry category-conteudo-rabbit-digital\">\n\t\t\t<div class=\"elementor-post__card\">\n\t\t\t\t<a class=\"elementor-post__thumbnail__link\" href=\"https:\/\/colegiorafaelbrito.com.br\/blog\/2026\/03\/05\/como-a-inteligencia-artificial-esta-revolucionando-a-educacao\/\" ><div class=\"elementor-post__thumbnail\"><img fetchpriority=\"high\" decoding=\"async\" width=\"500\" height=\"350\" src=\"https:\/\/colegiorafaelbrito.com.br\/blog\/wp-content\/uploads\/2024\/03\/blog-foto-2.jpg\" class=\"attachment-large size-large wp-image-562\" alt=\"\" srcset=\"https:\/\/colegiorafaelbrito.com.br\/blog\/wp-content\/uploads\/2024\/03\/blog-foto-2.jpg 500w, https:\/\/colegiorafaelbrito.com.br\/blog\/wp-content\/uploads\/2024\/03\/blog-foto-2-300x210.jpg 300w\" sizes=\"(max-width: 500px) 100vw, 500px\" \/><\/div><\/a>\n\t\t\t\t<div class=\"elementor-post__text\">\n\t\t\t\t<h3 class=\"elementor-post__title\">\n\t\t\t<a href=\"https:\/\/colegiorafaelbrito.com.br\/blog\/2026\/03\/05\/como-a-inteligencia-artificial-esta-revolucionando-a-educacao\/\" >\n\t\t\t\tComo a Intelig\u00eancia Artificial Est\u00e1 Revolucionando a Educa\u00e7\u00e3o\t\t\t<\/a>\n\t\t<\/h3>\n\t\t\t\t<div class=\"elementor-post__excerpt\">\n\t\t\t<p>Nos \u00faltimos anos, a intelig\u00eancia artificial (IA) emergiu como uma das tecnologias mais impactantes em diversos setores, incluindo a educa\u00e7\u00e3o.<\/p>\n\t\t<\/div>\n\t\t\t\t\t<a class=\"elementor-post__read-more\" href=\"https:\/\/colegiorafaelbrito.com.br\/blog\/2026\/03\/05\/como-a-inteligencia-artificial-esta-revolucionando-a-educacao\/\" >\n\t\t\t\tLeia Mais \u00bb\t\t\t<\/a>\n\t\t\t\t<\/div>\n\t\t\t\t<div class=\"elementor-post__meta-data\">\n\t\t\t\t\t<span class=\"elementor-post-author\">\n\t\t\tadmin\t\t<\/span>\n\t\t\t\t<span class=\"elementor-post-date\">\n\t\t\tMar\u00e7o 5, 2026\t\t<\/span>\n\t\t\t\t<span class=\"elementor-post-time\">\n\t\t\t8:00 am\t\t<\/span>\n\t\t\t\t<\/div>\n\t\t\t\t\t<\/div>\n\t\t<\/article>\n\t\t\t\t<article class=\"elementor-post elementor-grid-item post-558 post type-post status-publish format-standard has-post-thumbnail hentry category-conteudo-rabbit-digital\">\n\t\t\t<div class=\"elementor-post__card\">\n\t\t\t\t<a class=\"elementor-post__thumbnail__link\" href=\"https:\/\/colegiorafaelbrito.com.br\/blog\/2026\/02\/02\/a-evolucao-da-tecnologia-na-sala-de-aula-do-quadro-negro-ao-computador\/\" ><div class=\"elementor-post__thumbnail\"><img decoding=\"async\" width=\"500\" height=\"350\" src=\"https:\/\/colegiorafaelbrito.com.br\/blog\/wp-content\/uploads\/2024\/03\/blog-foto-1.jpg\" class=\"attachment-large size-large wp-image-559\" alt=\"\" srcset=\"https:\/\/colegiorafaelbrito.com.br\/blog\/wp-content\/uploads\/2024\/03\/blog-foto-1.jpg 500w, https:\/\/colegiorafaelbrito.com.br\/blog\/wp-content\/uploads\/2024\/03\/blog-foto-1-300x210.jpg 300w\" sizes=\"(max-width: 500px) 100vw, 500px\" \/><\/div><\/a>\n\t\t\t\t<div class=\"elementor-post__text\">\n\t\t\t\t<h3 class=\"elementor-post__title\">\n\t\t\t<a href=\"https:\/\/colegiorafaelbrito.com.br\/blog\/2026\/02\/02\/a-evolucao-da-tecnologia-na-sala-de-aula-do-quadro-negro-ao-computador\/\" >\n\t\t\t\tA Evolu\u00e7\u00e3o da Tecnologia na Sala de Aula: Do Quadro-Negro ao Computador\t\t\t<\/a>\n\t\t<\/h3>\n\t\t\t\t<div class=\"elementor-post__excerpt\">\n\t\t\t<p>A tecnologia tem desempenhado um papel cada vez mais significativo na transforma\u00e7\u00e3o do ambiente educacional, especialmente no que diz respeito<\/p>\n\t\t<\/div>\n\t\t\t\t\t<a class=\"elementor-post__read-more\" href=\"https:\/\/colegiorafaelbrito.com.br\/blog\/2026\/02\/02\/a-evolucao-da-tecnologia-na-sala-de-aula-do-quadro-negro-ao-computador\/\" >\n\t\t\t\tLeia Mais \u00bb\t\t\t<\/a>\n\t\t\t\t<\/div>\n\t\t\t\t<div class=\"elementor-post__meta-data\">\n\t\t\t\t\t<span class=\"elementor-post-author\">\n\t\t\tadmin\t\t<\/span>\n\t\t\t\t<span class=\"elementor-post-date\">\n\t\t\tFevereiro 2, 2026\t\t<\/span>\n\t\t\t\t<span class=\"elementor-post-time\">\n\t\t\t8:00 am\t\t<\/span>\n\t\t\t\t<\/div>\n\t\t\t\t\t<\/div>\n\t\t<\/article>\n\t\t\t\t<article class=\"elementor-post elementor-grid-item post-632 post type-post status-publish format-standard has-post-thumbnail hentry category-conteudo-rabbit-digital\">\n\t\t\t<div class=\"elementor-post__card\">\n\t\t\t\t<a class=\"elementor-post__thumbnail__link\" href=\"https:\/\/colegiorafaelbrito.com.br\/blog\/2026\/01\/14\/olimpiadas-escolares-incentivo-a-pratica-esportiva-e-competicoes-saudaveis\/\" ><div class=\"elementor-post__thumbnail\"><img decoding=\"async\" width=\"500\" height=\"350\" src=\"https:\/\/colegiorafaelbrito.com.br\/blog\/wp-content\/uploads\/2024\/03\/blog-foto-25.jpg\" class=\"attachment-large size-large wp-image-633\" alt=\"\" srcset=\"https:\/\/colegiorafaelbrito.com.br\/blog\/wp-content\/uploads\/2024\/03\/blog-foto-25.jpg 500w, https:\/\/colegiorafaelbrito.com.br\/blog\/wp-content\/uploads\/2024\/03\/blog-foto-25-300x210.jpg 300w\" sizes=\"(max-width: 500px) 100vw, 500px\" \/><\/div><\/a>\n\t\t\t\t<div class=\"elementor-post__text\">\n\t\t\t\t<h3 class=\"elementor-post__title\">\n\t\t\t<a href=\"https:\/\/colegiorafaelbrito.com.br\/blog\/2026\/01\/14\/olimpiadas-escolares-incentivo-a-pratica-esportiva-e-competicoes-saudaveis\/\" >\n\t\t\t\tOlimp\u00edadas escolares: incentivo \u00e0 pr\u00e1tica esportiva e competi\u00e7\u00f5es saud\u00e1veis.\t\t\t<\/a>\n\t\t<\/h3>\n\t\t\t\t<div class=\"elementor-post__excerpt\">\n\t\t\t<p>As Olimp\u00edadas Escolares s\u00e3o eventos esportivos que promovem n\u00e3o apenas a competi\u00e7\u00e3o saud\u00e1vel entre estudantes, mas tamb\u00e9m incentivam a pr\u00e1tica<\/p>\n\t\t<\/div>\n\t\t\t\t\t<a class=\"elementor-post__read-more\" href=\"https:\/\/colegiorafaelbrito.com.br\/blog\/2026\/01\/14\/olimpiadas-escolares-incentivo-a-pratica-esportiva-e-competicoes-saudaveis\/\" >\n\t\t\t\tLeia Mais \u00bb\t\t\t<\/a>\n\t\t\t\t<\/div>\n\t\t\t\t<div class=\"elementor-post__meta-data\">\n\t\t\t\t\t<span class=\"elementor-post-author\">\n\t\t\tadmin\t\t<\/span>\n\t\t\t\t<span class=\"elementor-post-date\">\n\t\t\tJaneiro 14, 2026\t\t<\/span>\n\t\t\t\t<span class=\"elementor-post-time\">\n\t\t\t8:00 am\t\t<\/span>\n\t\t\t\t<\/div>\n\t\t\t\t\t<\/div>\n\t\t<\/article>\n\t\t\t\t<article class=\"elementor-post elementor-grid-item post-629 post type-post status-publish format-standard has-post-thumbnail hentry category-conteudo-rabbit-digital\">\n\t\t\t<div class=\"elementor-post__card\">\n\t\t\t\t<a class=\"elementor-post__thumbnail__link\" href=\"https:\/\/colegiorafaelbrito.com.br\/blog\/2025\/12\/01\/esportes-individuais-vs-coletivos-vantagens-e-desafios-de-cada-modalidade\/\" ><div class=\"elementor-post__thumbnail\"><img loading=\"lazy\" decoding=\"async\" width=\"500\" height=\"350\" src=\"https:\/\/colegiorafaelbrito.com.br\/blog\/wp-content\/uploads\/2024\/03\/blog-foto-24.jpg\" class=\"attachment-large size-large wp-image-630\" alt=\"\" srcset=\"https:\/\/colegiorafaelbrito.com.br\/blog\/wp-content\/uploads\/2024\/03\/blog-foto-24.jpg 500w, https:\/\/colegiorafaelbrito.com.br\/blog\/wp-content\/uploads\/2024\/03\/blog-foto-24-300x210.jpg 300w\" sizes=\"(max-width: 500px) 100vw, 500px\" \/><\/div><\/a>\n\t\t\t\t<div class=\"elementor-post__text\">\n\t\t\t\t<h3 class=\"elementor-post__title\">\n\t\t\t<a href=\"https:\/\/colegiorafaelbrito.com.br\/blog\/2025\/12\/01\/esportes-individuais-vs-coletivos-vantagens-e-desafios-de-cada-modalidade\/\" >\n\t\t\t\tEsportes individuais vs. coletivos: vantagens e desafios de cada modalidade.\t\t\t<\/a>\n\t\t<\/h3>\n\t\t\t\t<div class=\"elementor-post__excerpt\">\n\t\t\t<p>Os esportes s\u00e3o uma parte importante da vida de muitas pessoas, proporcionando n\u00e3o apenas atividade f\u00edsica, mas tamb\u00e9m oportunidades de<\/p>\n\t\t<\/div>\n\t\t\t\t\t<a class=\"elementor-post__read-more\" href=\"https:\/\/colegiorafaelbrito.com.br\/blog\/2025\/12\/01\/esportes-individuais-vs-coletivos-vantagens-e-desafios-de-cada-modalidade\/\" >\n\t\t\t\tLeia Mais \u00bb\t\t\t<\/a>\n\t\t\t\t<\/div>\n\t\t\t\t<div class=\"elementor-post__meta-data\">\n\t\t\t\t\t<span class=\"elementor-post-author\">\n\t\t\tadmin\t\t<\/span>\n\t\t\t\t<span class=\"elementor-post-date\">\n\t\t\tDezembro 1, 2025\t\t<\/span>\n\t\t\t\t<span class=\"elementor-post-time\">\n\t\t\t8:00 am\t\t<\/span>\n\t\t\t\t<\/div>\n\t\t\t\t\t<\/div>\n\t\t<\/article>\n\t\t\t\t<\/div>\n\n\n\t\t\n\t\t\t\t<div class=\"e-load-more-anchor\" data-page=\"1\" data-max-page=\"10\" data-next-page=\"https:\/\/colegiorafaelbrito.com.br\/blog\/wp-json\/wp\/v2\/pages\/34\/page\/2\/\"><\/div>\n\t\t\t\t<nav class=\"elementor-pagination\" role=\"navigation\" aria-label=\"Pagination\">\n\t\t\t<span aria-current=\"page\" class=\"page-numbers current\"><span class=\"elementor-screen-only\">Page<\/span>1<\/span>\n<a class=\"page-numbers\" href=\"https:\/\/colegiorafaelbrito.com.br\/blog\/wp-json\/wp\/v2\/pages\/34\/page\/2\/\"><span class=\"elementor-screen-only\">Page<\/span>2<\/a>\n<a class=\"page-numbers\" href=\"https:\/\/colegiorafaelbrito.com.br\/blog\/wp-json\/wp\/v2\/pages\/34\/page\/3\/\"><span class=\"elementor-screen-only\">Page<\/span>3<\/a>\n<a class=\"page-numbers\" href=\"https:\/\/colegiorafaelbrito.com.br\/blog\/wp-json\/wp\/v2\/pages\/34\/page\/4\/\"><span class=\"elementor-screen-only\">Page<\/span>4<\/a>\n<a class=\"page-numbers\" href=\"https:\/\/colegiorafaelbrito.com.br\/blog\/wp-json\/wp\/v2\/pages\/34\/page\/5\/\"><span class=\"elementor-screen-only\">Page<\/span>5<\/a>\t\t<\/nav>\n\t\t\t\t\t\t<\/div>\n\t\t\t\t<\/div>\n\t\t\t\t\t<\/div>\n\t\t<\/div>\n\t\t\t\t\t<\/div>\n\t\t<\/section>\n\t\t\t\t<\/div>\n\t\t","protected":false},"excerpt":{"rendered":"","protected":false},"author":1,"featured_media":0,"parent":0,"menu_order":0,"comment_status":"closed","ping_status":"closed","template":"","meta":{"footnotes":""},"class_list":["post-34","page","type-page","status-publish","hentry"],"_links":{"self":[{"href":"https:\/\/colegiorafaelbrito.com.br\/blog\/wp-json\/wp\/v2\/pages\/34","targetHints":{"allow":["GET"]}}],"collection":[{"href":"https:\/\/colegiorafaelbrito.com.br\/blog\/wp-json\/wp\/v2\/pages"}],"about":[{"href":"https:\/\/colegiorafaelbrito.com.br\/blog\/wp-json\/wp\/v2\/types\/page"}],"author":[{"embeddable":true,"href":"https:\/\/colegiorafaelbrito.com.br\/blog\/wp-json\/wp\/v2\/users\/1"}],"replies":[{"embeddable":true,"href":"https:\/\/colegiorafaelbrito.com.br\/blog\/wp-json\/wp\/v2\/comments?post=34"}],"version-history":[{"count":4,"href":"https:\/\/colegiorafaelbrito.com.br\/blog\/wp-json\/wp\/v2\/pages\/34\/revisions"}],"predecessor-version":[{"id":88,"href":"https:\/\/colegiorafaelbrito.com.br\/blog\/wp-json\/wp\/v2\/pages\/34\/revisions\/88"}],"wp:attachment":[{"href":"https:\/\/colegiorafaelbrito.com.br\/blog\/wp-json\/wp\/v2\/media?parent=34"}],"curies":[{"name":"wp","href":"https:\/\/api.w.org\/{rel}","templated":true}]}}